{"id":167,"date":"2016-02-13T22:13:24","date_gmt":"2016-02-13T21:13:24","guid":{"rendered":"http:\/\/visit-wuerzburg.de\/?page_id=167"},"modified":"2020-08-15T14:46:26","modified_gmt":"2020-08-15T13:46:26","slug":"veitshoechheim","status":"publish","type":"page","link":"https:\/\/visit-wuerzburg.de\/en\/veitshoechheim","title":{"rendered":"Rococo Garden Veitsh\u00f6chheim"},"content":{"rendered":"\n<div class=\"wp-block-image\"><figure class=\"alignright size-large\"><img decoding=\"async\" loading=\"lazy\" width=\"1024\" height=\"684\" src=\"https:\/\/visit-wuerzburg.de\/wp-content\/uploads\/2020\/08\/MG_4493-1024x684.jpg\" alt=\"\" class=\"wp-image-1440\" srcset=\"https:\/\/visit-wuerzburg.de\/wp-content\/uploads\/2020\/08\/MG_4493-1024x684.jpg 1024w, https:\/\/visit-wuerzburg.de\/wp-content\/uploads\/2020\/08\/MG_4493-300x200.jpg 300w, https:\/\/visit-wuerzburg.de\/wp-content\/uploads\/2020\/08\/MG_4493-768x513.jpg 768w, https:\/\/visit-wuerzburg.de\/wp-content\/uploads\/2020\/08\/MG_4493-1536x1026.jpg 1536w, https:\/\/visit-wuerzburg.de\/wp-content\/uploads\/2020\/08\/MG_4493-2048x1368.jpg 2048w\" sizes=\"(max-width: 1024px) 100vw, 1024px\" \/><figcaption><a href=\"https:\/\/visit-wuerzburg.de\/en\/copyright\">\u00a9 Copyright<\/a><\/figcaption><\/figure><\/div>\n\n\n\n<p><span style=\"font-family: URW Gothic L,sans-serif;\">The visit of one of the most beautiful rococo gardens in Germany is a perfect extension to your W\u00fcrzburg program. The 45-minutes-boat trip from the W\u00fcrzburg downstream offers you new perspectives with the famous vineyards of W\u00fcrzburg Stein as well as the abbeys Himmelspforten and Oberzell along the way (a ride with your own bus is also possible). The stroll through the garden in Veitsh\u00f6chheim, the summer residence of the W\u00fcrzburg prince-bishops, will bring you close to the rich and charming art of rococo. Stroll around hedges, mazes, and alleys towards tea houses, grottos and the lake with the parnass in the middle. You will also learn about Greek myths and Aesopian fables on the way. Why not accomplish your visit in one of the pleasant restaurants or coffee bars along the river banks before embarking a boat back to W\u00fcrzburg?<\/span><\/p>\n\n\n\n<div class=\"wp-block-image\"><figure class=\"alignright size-large is-resized\"><img decoding=\"async\" loading=\"lazy\" src=\"https:\/\/visit-wuerzburg.de\/wp-content\/uploads\/2020\/08\/MG_4538-1024x695.jpg\" alt=\"\" class=\"wp-image-1441\" width=\"341\" height=\"230\" srcset=\"https:\/\/visit-wuerzburg.de\/wp-content\/uploads\/2020\/08\/MG_4538-1024x695.jpg 1024w, https:\/\/visit-wuerzburg.de\/wp-content\/uploads\/2020\/08\/MG_4538-768x521.jpg 768w, https:\/\/visit-wuerzburg.de\/wp-content\/uploads\/2020\/08\/MG_4538-2048x1390.jpg 2048w\" sizes=\"(max-width: 341px) 100vw, 341px\" \/><figcaption><a href=\"https:\/\/visit-wuerzburg.de\/en\/copyright\">\u00a9 Copyright<\/a><\/figcaption><\/figure><\/div>\n\n\n\n<p><span style=\"font-family: URW Gothic L,sans-serif;\"><i>Duration: 1,5 hours<\/i><\/span><\/p>\n\n\n\n<p><span style=\"font-family: URW Gothic L,sans-serif;\"><i>The boats run regularly each hour from April to October. The round trip ticket costs 13 \u20ac\/adult and 6,50 \u20ac\/child 4-12 years. The entrance to the garden is free.<\/i><\/span><\/p>\n\n\n\n<p><span style=\"font-family: URW Gothic L,sans-serif;\"><div class=\"one_third\"><\/div> <div class=\"one_third\"><span class='mb-center maxbutton-1-center'><span class='maxbutton-1-container mb-container'><a class=\"maxbutton-1 maxbutton maxbutton-startseite\" href=\"http:\/\/visit-wuerzburg.de\/en\/fuehrungen\"><span class='mb-text'>List of Tours<\/span><\/a><\/span><\/span><\/div> <div class=\"one_third_last\"><span class='mb-center maxbutton-1-center'><span class='maxbutton-1-container mb-container'><a class=\"maxbutton-1 maxbutton maxbutton-startseite\" href=\"http:\/\/visit-wuerzburg.de\/en\/buchungsanfrage?fuehrung=Rococo Garden Veitsh\u00f6chheim\"><span class='mb-text'>Booking Request<\/span><\/a><\/span><\/span> <\/div> <div class=\"clear\"><\/div><\/span><\/p>\n","protected":false},"excerpt":{"rendered":"<p>The visit of one of the most beautiful rococo gardens in Germany is a perfect extension to your W\u00fcrzburg program. The 45-minutes-boat trip from the W\u00fcrzburg downstream offers you new perspectives with the famous vineyards of W\u00fcrzburg Stein as well as the abbeys&hellip;<\/p>\n","protected":false},"author":2,"featured_media":0,"parent":0,"menu_order":0,"comment_status":"closed","ping_status":"closed","template":"","meta":[],"translation":{"provider":"WPGlobus","version":"2.12.2","language":"en","enabled_languages":["de","en"],"languages":{"de":{"title":true,"content":true,"excerpt":false},"en":{"title":true,"content":true,"excerpt":false}}},"_links":{"self":[{"href":"https:\/\/visit-wuerzburg.de\/en\/wp-json\/wp\/v2\/pages\/167"}],"collection":[{"href":"https:\/\/visit-wuerzburg.de\/en\/wp-json\/wp\/v2\/pages"}],"about":[{"href":"https:\/\/visit-wuerzburg.de\/en\/wp-json\/wp\/v2\/types\/page"}],"author":[{"embeddable":true,"href":"https:\/\/visit-wuerzburg.de\/en\/wp-json\/wp\/v2\/users\/2"}],"replies":[{"embeddable":true,"href":"https:\/\/visit-wuerzburg.de\/en\/wp-json\/wp\/v2\/comments?post=167"}],"version-history":[{"count":17,"href":"https:\/\/visit-wuerzburg.de\/en\/wp-json\/wp\/v2\/pages\/167\/revisions"}],"predecessor-version":[{"id":1571,"href":"https:\/\/visit-wuerzburg.de\/en\/wp-json\/wp\/v2\/pages\/167\/revisions\/1571"}],"wp:attachment":[{"href":"https:\/\/visit-wuerzburg.de\/en\/wp-json\/wp\/v2\/media?parent=167"}],"curies":[{"name":"wp","href":"https:\/\/api.w.org\/{rel}","templated":true}]}}