{"id":1330,"date":"2019-01-18T17:56:06","date_gmt":"2019-01-18T16:56:06","guid":{"rendered":"https:\/\/visit-wuerzburg.de\/?page_id=1330"},"modified":"2026-01-08T14:16:47","modified_gmt":"2026-01-08T13:16:47","slug":"hubland","status":"publish","type":"page","link":"https:\/\/visit-wuerzburg.de\/en\/hubland","title":{"rendered":"Ice Cream, Barbecue, Chewing Gum \u2013 W\u00fcrzburg goes America"},"content":{"rendered":"<p class=\"western\"><span style=\"font-family: Arial, sans-serif;\"><img decoding=\"async\" loading=\"lazy\" class=\" wp-image-1332 alignright\" src=\"https:\/\/visit-wuerzburg.de\/wp-content\/uploads\/2019\/01\/DSC01725-300x225.jpg\" alt=\"\" width=\"375\" height=\"281\" srcset=\"https:\/\/visit-wuerzburg.de\/wp-content\/uploads\/2019\/01\/DSC01725-300x225.jpg 300w, https:\/\/visit-wuerzburg.de\/wp-content\/uploads\/2019\/01\/DSC01725-768x576.jpg 768w, https:\/\/visit-wuerzburg.de\/wp-content\/uploads\/2019\/01\/DSC01725-1024x768.jpg 1024w\" sizes=\"(max-width: 375px) 100vw, 375px\" \/>\u00dcber 60 Jahre waren US-amerikanische Soldaten und ihre Familien in den W\u00fcrzburger Leighton Barracks stationiert. Sie waren an vielen Stellen der Stadt <\/span><span style=\"font-family: Arial, sans-serif;\">und auch in ganz Unterfranken <\/span><span style=\"font-family: Arial, sans-serif;\">pr\u00e4sent und bauten auf dem Hubland gro\u00dfe Wohnblocks, Schulen, eine Kirche, <\/span><span style=\"font-family: Arial, sans-serif;\">ja <\/span><span style=\"font-family: Arial, sans-serif;\">sogar die gr\u00f6\u00dfte amerikanische Shopping Mall Europas. Das Verh\u00e4ltnis zwischen den W\u00fcrzburgern und ihrer Besatzungsmacht war freundschaftlich <\/span><span style=\"font-family: Arial, sans-serif;\">und <\/span><span style=\"font-family: Arial, sans-serif;\">das deutsch-amerikanische Volksfest nicht nur wegen der Ice Cream <\/span><span style=\"font-family: Arial, sans-serif;\">\u00fcberaus<\/span><span style=\"font-family: Arial, sans-serif;\"> beliebt. Mit dem endg\u00fcltigen Abzug der US-Truppen wurde aus den Leighton Barracks ein riesiges Konversionsgel\u00e4nde \u2013 2018 <\/span><span style=\"font-family: Arial, sans-serif;\">war es Schauplatz der <\/span><span style=\"font-family: Arial, sans-serif;\">Bayerische<\/span><span style=\"font-family: Arial, sans-serif;\">n<\/span><span style=\"font-family: Arial, sans-serif;\"> Landesgartenschau. Vieles hat sich inzwischen <\/span><span style=\"font-family: Arial, sans-serif;\">dort oben <\/span><span style=\"font-family: Arial, sans-serif;\">ver\u00e4ndert. Doch was ist a<\/span><span style=\"font-family: Arial, sans-serif;\">bgesehen von<\/span><span style=\"font-family: Arial, sans-serif;\"> pers\u00f6nlichen Erinnerungen und <\/span><span style=\"font-family: Arial, sans-serif;\">gelebten <\/span><span style=\"font-family: Arial, sans-serif;\">Freundschaften von der US-amerikanischen Zeit geblieben? <\/span><\/p>\n<p class=\"western\"><span style=\"font-family: Arial, sans-serif;\">Die F\u00fchrung erz\u00e4hlt <\/span><span style=\"font-family: Arial, sans-serif;\">anhand historischer Aufnahmen und noch vorhandener Geb\u00e4ude <\/span><span style=\"font-family: Arial, sans-serif;\">von der deutsch-amerikanischen Nachkriegsgeschichte im neuen Stadtteil Hubland.<\/span><\/p>\n<p><img decoding=\"async\" loading=\"lazy\" class=\" wp-image-1334 aligncenter\" src=\"https:\/\/visit-wuerzburg.de\/wp-content\/uploads\/2019\/01\/DSC02360-e1547831184614-300x136.jpg\" alt=\"\" width=\"889\" height=\"403\" srcset=\"https:\/\/visit-wuerzburg.de\/wp-content\/uploads\/2019\/01\/DSC02360-e1547831184614-300x136.jpg 300w, https:\/\/visit-wuerzburg.de\/wp-content\/uploads\/2019\/01\/DSC02360-e1547831184614-768x348.jpg 768w, https:\/\/visit-wuerzburg.de\/wp-content\/uploads\/2019\/01\/DSC02360-e1547831184614-1024x464.jpg 1024w\" sizes=\"(max-width: 889px) 100vw, 889px\" \/><\/p>\n","protected":false},"excerpt":{"rendered":"<p>\u00dcber 60 Jahre waren US-amerikanische Soldaten und ihre Familien in den W\u00fcrzburger Leighton Barracks stationiert. Sie waren an vielen Stellen der Stadt und auch in ganz Unterfranken pr\u00e4sent und bauten auf dem Hubland gro\u00dfe Wohnblocks, Schulen, eine Kirche, ja sogar die gr\u00f6\u00dfte amerikanische&hellip;<\/p>\n","protected":false},"author":2,"featured_media":0,"parent":0,"menu_order":0,"comment_status":"closed","ping_status":"closed","template":"","meta":[],"translation":{"provider":"WPGlobus","version":"2.12.2","language":"en","enabled_languages":["de","en"],"languages":{"de":{"title":true,"content":true,"excerpt":false},"en":{"title":false,"content":false,"excerpt":false}}},"_links":{"self":[{"href":"https:\/\/visit-wuerzburg.de\/en\/wp-json\/wp\/v2\/pages\/1330"}],"collection":[{"href":"https:\/\/visit-wuerzburg.de\/en\/wp-json\/wp\/v2\/pages"}],"about":[{"href":"https:\/\/visit-wuerzburg.de\/en\/wp-json\/wp\/v2\/types\/page"}],"author":[{"embeddable":true,"href":"https:\/\/visit-wuerzburg.de\/en\/wp-json\/wp\/v2\/users\/2"}],"replies":[{"embeddable":true,"href":"https:\/\/visit-wuerzburg.de\/en\/wp-json\/wp\/v2\/comments?post=1330"}],"version-history":[{"count":7,"href":"https:\/\/visit-wuerzburg.de\/en\/wp-json\/wp\/v2\/pages\/1330\/revisions"}],"predecessor-version":[{"id":1707,"href":"https:\/\/visit-wuerzburg.de\/en\/wp-json\/wp\/v2\/pages\/1330\/revisions\/1707"}],"wp:attachment":[{"href":"https:\/\/visit-wuerzburg.de\/en\/wp-json\/wp\/v2\/media?parent=1330"}],"curies":[{"name":"wp","href":"https:\/\/api.w.org\/{rel}","templated":true}]}}