{"id":1297,"date":"2018-05-28T18:01:35","date_gmt":"2018-05-28T17:01:35","guid":{"rendered":"https:\/\/visit-wuerzburg.de\/?page_id=1297"},"modified":"2018-05-28T21:26:24","modified_gmt":"2018-05-28T20:26:24","slug":"datenschutzerklaerung","status":"publish","type":"page","link":"https:\/\/visit-wuerzburg.de\/en\/datenschutzerklaerung","title":{"rendered":"Privacy Policy"},"content":{"rendered":"<p><em>for <\/em><strong>https:\/\/visit-wuerzburg.de<img decoding=\"async\" loading=\"lazy\" class=\"alignright wp-image-1311\" src=\"https:\/\/visit-wuerzburg.de\/wp-content\/uploads\/2018\/05\/privacy-policy-3344455_640.jpg\" alt=\"\" width=\"260\" height=\"130\" \/><\/strong><\/p>\n<p><em><span id=\"result_box\" class=\"short_text\" lang=\"en\"><span class=\"\">Responsible operator:<br \/>\n<\/span><\/span><\/em><strong>Antje Hansen, Ph.D.<\/strong><br \/>\n<strong>Tel. +49-931-7849407<\/strong><br \/>\n<strong>Mobile: +49-152-29212161<br \/>\nE-Mail: <a href=\"https:\/\/visit-wuerzburg.de\/en\/kontakt\">Contact form<\/a><\/strong><\/p>\n<p><span id=\"result_box\" class=\"\" lang=\"en\" tabindex=\"-1\"><span title=\"Die verantwortliche Autorin der o.g.\">The responsible author of this <\/span><span title=\"Internetseiten nimmt die Verpflichtung zum Datenschutz sehr ernst.\">website takes the obligation to privacy very seriously. <\/span><span title=\"Dieser Internetauftritt informiert \u00fcber die angebotenen F\u00fchrungen und ist so gestaltet, dass nur so wenige personenbezogene Daten wie m\u00f6glich erhoben, verarbeitet und genutzt werden.\">This website informs about the offered tours and is designed in such a way that only as few personal data as possible is collected, processed and used. <\/span><span title=\"Unter keinen Umst\u00e4nden werden personenbezogene Daten zu Werbezwecken an Dritte vermietet, verkauft oder f\u00fcr Werbe- oder Marketingzwecke genutzt. \">Under no circumstances will personal data be used for advertising purposes, be leased to third parties, sold or used for advertising or marketing purposes.<\/span><\/span><\/p>\n<p><span id=\"result_box\" class=\"\" lang=\"en\" tabindex=\"-1\"><\/span><span id=\"result_box\" class=\"\" lang=\"en\" tabindex=\"-1\"><span title=\"Da sich auf Grund des technischen Fortschritts und organisatorischer \u00c4nderungen die Verfahrensweisen und auch die rechtlichen Rahmenbedingungen \u00e4ndern bzw. weiterentwickeln k\u00f6nnen, behalten wir uns vor, die vorliegende Datenschutzerkl\u00e4rung gem\u00e4\u00df den sich \u00e4ndernden Rahmenbedingungen weiterzuentwickeln und anzupassen.\">Due to technical progress and organizational changes, the procedures and legal frameworks may change or evolve, so we reserve the right to further develop and adapt this Privacy Policy in accordance with changing circumstances. <\/span><span title=\"Wir bitten Sie deshalb, die Datenschutzerkl\u00e4rung von Zeit zu Zeit zu \u00fcberpr\u00fcfen.\">We therefore ask you to review the privacy policy from time to time. <\/span><span title=\"Sollten von Ihnen Daten erhoben worden sein und sollten Sie mit den im Verlauf der Zeit auftretenden \u00c4nderungen nicht einverstanden sein, so k\u00f6nnen Sie schriftlich, gem\u00e4\u00df Art 17 EU-DSGVO, eine L\u00f6schung der Daten, die nicht auf Grundlage anderer gesetzlicher Vorgaben, wie handelsrechtlicher oder\">If data has been collected from you and if you do not agree with the changes that occur over time, you may, in writing, in accordance with Art. 17 EU-GDPR, delete the data that is not based on other statutory provisions, such as commercial or commercial law <\/span><span title=\"steuerrechtlicher Aufbewahrungspflichten, gespeichert werden, verlangen (Anschrift siehe unten). \">tax retention requirements, stored (address see below).<br \/>\n<\/span><\/span><\/p>\n<h6><span id=\"result_box\" class=\"\" lang=\"en\" tabindex=\"-1\"><span title=\"Anonyme Datenerhebung \">Anonymous data collection<\/span><\/span><\/h6>\n<p><span id=\"result_box\" class=\"\" lang=\"en\" tabindex=\"-1\"><span title=\"Sie k\u00f6nnen die Webseiten auf visit-wuerzburg.de grunds\u00e4tzlich besuchen, ohne uns mitzuteilen, wer Sie sind.\">You can always visit the websites at visit-wuerzburg.de without telling us who you are. <\/span><span title=\"Wir erfahren nur den Namen Ihres Internet Service Providers, die Webseite, von der aus Sie uns besuchen, und die Webseiten, die Sie bei uns besuchen.\">We only know the name of your internet service provider, the website from which you visit us and the websites you visit. <\/span><span title=\"Diese Informationen werden von unserem Provider gespeichert und k\u00f6nnen zu statistischen Zwecken ausgewertet werden.\">This information is stored by our provider and can be evaluated for statistical purposes. <\/span><span title=\"Sie bleiben als einzelner Nutzer hierbei anonym. \">You remain anonymous as an individual user.<br \/>\n<\/span><\/span><\/p>\n<h6><span id=\"result_box\" class=\"\" lang=\"en\" tabindex=\"-1\"><span title=\"Erhebung und Verarbeitung personenbezogener Daten \">What kinds of personal data we collect<\/span><\/span><\/h6>\n<p><span id=\"result_box\" class=\"\" lang=\"en\" tabindex=\"-1\"><span title=\"Personenbezogene Daten werden nur erhoben, wenn Sie uns diese von sich aus, zum Beispiel durch das Ausf\u00fcllen des Kontaktformulars oder der Buchungsanfrage, eingeben und mitteilen.\">Personal data is only collected if you enter it by yourself, for example by completing the contact form or the booking request. <\/span><span title=\"Die Daten werden dabei verschl\u00fcsselt an den Server \u00fcbertragen (SSL).\">The data is encrypted and transmitted to the server (SSL). <\/span><span title=\"Folgende Daten werden dabei erhoben: \u00a0\u00a0\u00a0\u00a0\">The following data is collected:<\/span><\/span><\/p>\n<p><span title=\"Kontaktformular: Name, E-Mail-Adresse, Betreff und Nachrich \u00a0\u00a0\u00a0\u00a0\"><strong>Contact form<\/strong>: name, e-mail address, subject and message<br \/>\n<\/span><span title=\"Buchungsanfrage: Gew\u00fcnschtes Datum der F\u00fchrung, Uhrzeit, Name, optional E-Mail, optional Telefonnummer, Anzahl der Teilnehmer \"><strong>Booking request<\/strong>: Desired date of the tour, time, name, optional e-mail, optional telephone number, number of participants<\/span><\/p>\n<p><span title=\"Ihre Daten werden nur zur unmittelbaren Bearbeitung Ihres Anliegens verwendet und gespeichert.\">Your data will only be used and stored for immediate management of your request. <\/span><span title=\"Die Autorin h\u00e4lt sich dabei an die Vorgaben der Art 5 und 6 EU-DSGVO.\">The author adheres to the requirements of Art 5 and 6 EU-GDPR. <\/span><span title=\"Sie haben jederzeit die M\u00f6glichkeit, eine vollst\u00e4ndige L\u00f6schung ihrer pers\u00f6nlichen Daten zu verlangen.\">You always have the option of requesting a complete deletion of your personal data. In this case p<\/span><span title=\"Bitte senden Sie dazu eine entsprechende Nachricht \u00fcber das Kontaktformular. \">lease send a message via the <a href=\"https:\/\/visit-wuerzburg.de\/en\/kontakt\">contact form<\/a>.<\/span><\/p>\n<h6><span id=\"result_box\" class=\"\" lang=\"en\" tabindex=\"-1\"><span title=\"Export und Verarbeitung der Daten in Staaten au\u00dferhalb des Europ\u00e4ischen Wirtschaftsraumes \">Export and processing of data in countries outside the European Union<\/span><\/span><\/h6>\n<p><span id=\"result_box\" class=\"\" lang=\"en\" tabindex=\"-1\"><span title=\"Es findet kein Export Ihrer personenbezogenen Daten in Staaten au\u00dferhalb des Europ\u00e4ischen Wirtschaftsraumes statt. \">There is no export of your personal data to countries outside the EU.<\/span><span title=\"Trotzdem k\u00f6nnen, soweit Sie sich bei Google eingeloggt haben oder einen Youtube-Account besitzen, personenbezogene Daten in die USA exportiert werden.\">Nevertheless, as long as you have logged into Google or if have a Youtube account, personal data may be exported to the US. <\/span><span title=\"Zu n\u00e4heren Erl\u00e4uterungen und zu M\u00f6glichkeiten diesen Datenexport zu verhindern beachten Sie bitte den Gliederungspunkt \u201eVerwendung von YouTube-Plugins\u201c. \">For further explanations and possibilities to prevent this data export please note the section &#8220;Use of YouTube Plugins&#8221;.<\/span><\/span><\/p>\n<h6><span id=\"result_box\" class=\"\" lang=\"en\" tabindex=\"-1\"><span title=\"Nutzung und Weitergabe personenbezogener Daten \">Use and disclosure of personal data<br \/>\n<\/span><\/span><\/h6>\n<p><span id=\"result_box\" class=\"\" lang=\"en\" tabindex=\"-1\"><span title=\"Die von Ihnen zur Verf\u00fcgung gestellten personenbezogenen Daten werden ausschlie\u00dflich zur Vertragsabwicklung und Bearbeitung Ihrer Anliegen genutzt.\">The personal data provided by you are used exclusively for the execution of the contract and the processing of your requests. <\/span><span title=\"Eine Nutzung Ihrer Daten f\u00fcr Zwecke der Werbung und Marktforschung findet sowie eine Weitergabe an Dritte findet nicht statt. \">A use of your data for purposes of the advertisement and market research finds as well as a transfer to third does not take place.<\/span><\/span><\/p>\n<h6><span id=\"result_box\" class=\"\" lang=\"en\" tabindex=\"-1\"><span title=\"Externe Links \">External links<\/span><\/span><\/h6>\n<p><span id=\"result_box\" class=\"\" lang=\"en\" tabindex=\"-1\"><span title=\"Zu Ihrer Information finden Sie auf unseren Seiten Links, die auf Seiten Dritter verweisen.\">For your information, you will find on our pages links that refer to third-party sites. <\/span><span title=\"Soweit dies nicht offensichtlich erkennbar ist, weisen wir Sie darauf hin, dass es sich um einen externen Link handelt.\">As far as this is not obvious, we point out that this is an external link. <\/span><span title=\"Die verantwortliche Autorin hat keinerlei Einfluss auf den Inhalt und die Gestaltung dieser Seiten anderer Anbieter.\">The responsible author has no influence on the content and the design of these pages of other providers. <\/span><span title=\"Die Garantien dieser Datenschutzerkl\u00e4rung gelten daher f\u00fcr externe Anbieter nicht. \">The guarantees of this privacy policy therefore do not apply to external providers.<\/span><\/span><\/p>\n<h6><span id=\"result_box\" class=\"\" lang=\"en\" tabindex=\"-1\"><span title=\"Einsatz von Cookies \">Use of cookies<\/span><\/span><\/h6>\n<p><span id=\"result_box\" class=\"\" lang=\"en\" tabindex=\"-1\"><span title=\"Der Internetauftritt verwendet sogenannte \u201eCookies\u201c, um die Online-Erfahrung und Online-Zeit des Kunden individuell auszugestalten und zu optimieren.\">The website uses so-called &#8220;cookies&#8221; to individually design and optimize the online experience and online time of the customer. <\/span><span title=\"Ein Cookie ist eine Textdatei, die entweder tempor\u00e4r im Arbeitsspeicher des Computers abgelegt (\u201eSitzungscookie\u201c) oder auf der Festplatte gespeichert wird (\u201epermanenter\u201c Cookie).\">A cookie is a text file that is either stored temporarily in the computer&#8217;s memory (&#8220;session cookie&#8221;) or stored on the hard disk (&#8220;permanent&#8221; cookie). <\/span><span title=\"Cookies enthalten z.B.\">Cookies contain e.g. <\/span><span title=\"Informationen \u00fcber die bisherigen Zugriffe des Nutzers auf den entsprechenden Server bzw. Informationen dar\u00fcber, welche Angebote bisher aufgerufen wurden.\">Information about the user&#8217;s previous access to the respective server or information about which offers were previously called. <\/span><span title=\"Cookies werden nicht dazu eingesetzt, um Programme auszuf\u00fchren oder Viren auf Ihren Computer zu laden.\">Cookies are not used to run programs or to load viruses onto your computer. <\/span><span title=\"Hauptzweck von Cookies ist vielmehr, ein speziell auf den Kunden zugeschnittenes Angebot bereitzustellen und die Nutzung des Service so komfortabel wie m\u00f6glich zu gestalten.\">Instead, the main purpose of cookies is to provide an offer tailored to the customer and to make the use of the service as comfortable as possible. <\/span><span title=\"Die verantwortliche verwendet Sitzungscookies sowie permanente Cookies. \">The responsible uses session cookies as well as persistent cookies.<\/span><\/span><\/p>\n<p style=\"padding-left: 30px;\"><span title=\"Sitzungscookies werden zum Load-Balancing (Ausgleich der System-Belastung) verwendet.\"><span id=\"result_box\" class=\"\" lang=\"en\" tabindex=\"-1\"><span title=\"Sitzungscookies \"><strong>session cookies<\/strong><br \/>\n<\/span><span title=\"Wir verwenden \u00fcberwiegend \u201eSitzungscookies\u201c, die nicht auf der Festplatte des Kunden gespeichert werden und die mit Verlassen des Browsers gel\u00f6scht werden.\">We mostly use &#8220;session cookies&#8221; that are not stored on the customer&#8217;s hard drive and that are deleted when you exit the browser. <\/span><span title=\"Sitzungscookies werden zum Load-Balancing (Ausgleich der System-Belastung) verwendet. \">Session cookies are used for load balancing (balancing the system load).<\/span><\/span><\/span><\/p>\n<p style=\"padding-left: 30px;\"><span title=\"Permanente Cookies \"><strong>Permanent cookies<\/strong><br \/>\n<\/span><span title=\"Dar\u00fcber hinaus verwenden wir \u201epermanente Cookies\u201c, um die pers\u00f6nlichen Nutzungseinstellungen zu speichern und so eine Personalisierung und Verbesserung des Service vornehmen zu k\u00f6nnen.\">In addition, we use &#8220;persistent cookies&#8221; to store personal usage settings, allowing us to personalize and improve the service. <\/span><span title=\"Durch die permanenten Cookies wird sichergestellt, dass der Kunde bei einem erneuten Besuch der Webseiten der verantwortlichen Stelle seine pers\u00f6nlichen Einstellungen wieder vorfindet.\">The permanent cookies ensure that the customer finds his personal settings again when visiting the websites of the responsible office again. <\/span><span title=\"So speichern wir beispielsweise die benutzte Sprache in einem permanenten Cookie.\">For example, we store the used language in a permanent cookie. <\/span><span title=\"Daneben verwenden die Dienstleister, die in unseren Seiten eingebunden sind, permanente Cookies, um wiederkehrende Nutzer erkennen zu k\u00f6nnen.\">In addition, the service providers that are integrated in our pages use permanent cookies in order to recognize recurring users. <\/span><span title=\"Diese Dienste speichern die vom Cookie \u00fcbermittelten Daten ausschlie\u00dflich anonym ab.\">These services store the data transmitted by the cookie only anonymously. <\/span><span title=\"Eine Zuordnung zur IP-Adresse des Kunden findet nicht statt. \">An assignment to the IP address of the customer does not take place.<\/span><\/p>\n<p style=\"padding-left: 30px;\"><span title=\"Vermeidung von Cookies \"><strong>Avoiding cookies<\/strong><br \/>\n<\/span><span title=\"Der Besucher hat jederzeit die M\u00f6glichkeit, das Setzen von Cookies abzulehnen.\">The visitor has the possibility to reject the setting of cookies at any time. <\/span><span title=\"Dies geschieht in der Regel durch die Wahl der entsprechenden Option in den Einstellungen des Browsers oder durch zus\u00e4tzliche Programme.\">This is usually done by selecting the appropriate option in the browser settings or through additional programs. <\/span><span title=\"N\u00e4heres ist der Hilfe-Funktion des kundenseitig verwendeten Browsers zu entnehmen.\">For details, refer to the help function of the browser used by the customer. <\/span><span title=\"Entscheidet sich der Kunde f\u00fcr die Ausschaltung von Cookies, kann dies den Leistungsumfang des Services mindern und sich bei der Nutzung der Dienste der verantwortlichen negativ bemerkbar machen. \">If the customer decides to deactivate cookies, this may reduce the scope of the service and negatively impact the use of the services of the responsible persons.<br \/>\n<\/span><\/p>\n<h6><span title=\"Sitzungscookies werden zum Load-Balancing (Ausgleich der System-Belastung) verwendet.\"><span id=\"result_box\" class=\"\" lang=\"en\" tabindex=\"-1\"><span title=\"Verwendung von Analyseprogrammen \">Use of analysis tools<\/span><\/span><\/span><\/h6>\n<p><span title=\"Sitzungscookies werden zum Load-Balancing (Ausgleich der System-Belastung) verwendet.\"><span id=\"result_box\" class=\"\" lang=\"en\" tabindex=\"-1\"><span title=\"Wir f\u00fchren auf unseren Seiten keine Analysen \u00fcber das Verhalten der Kunden bei der Nutzung unseres Angebotes durch und lassen auch keine solche Analysen durchf\u00fchren, es gibt insbesondere keine Anbindung an Google-Analytics. \">We do not analyze the behavior of our customers when using our pages and do not allow such analyzes to be carried out; in particular, we are not using Google Analytics.<\/span><\/span><\/span><\/p>\n<p><span title=\"Auf einigen Seiten benutzen wir aus Sicherheitsgr\u00fcnden Anti-Spam-Filter (Captcha, RECaptcha, invisible ReCaptcha) der Firma Google Inc. (\u201eGoogle\u201c) und binden Karten (Google Maps) in die Seiten mit ein.\">On some sites we use anti-spam filters (Captcha, RECaptcha, invisible ReCaptcha) from Google Inc. (&#8220;Google&#8221;) for security reasons and we may also include maps (Google Maps) in the pages. <\/span><span title=\"Dadurch ist es m\u00f6glich, dass Google Informationen \u00fcber die Benutzung dieser Website (einschlie\u00dflich Ihrer IP-Adresse) erh\u00e4lt, die m\u00f6glicherweise an einen Server von Google in den USA \u00fcbertragen und dort gespeichert werden.\">This may allow Google to receive information about your use of this website (including your IP address), which may be transmitted to and stored by Google on servers in the United States. <\/span><span title=\"Um diesbez\u00fcglich Details zu erfahren, wenden Sie sich bitte direkt an google.com. \">For details, please contact google.com directly.<br \/>\n<\/span><\/p>\n<h6><span title=\"Sitzungscookies werden zum Load-Balancing (Ausgleich der System-Belastung) verwendet.\"><span id=\"result_box\" class=\"\" lang=\"en\" tabindex=\"-1\"><span title=\"Verwendung von Facebook, Twitter und Instagram Social Plugins \">Use of Facebook, Twitter and Instagram social plugins<\/span><\/span><\/span><\/h6>\n<p><span title=\"Sitzungscookies werden zum Load-Balancing (Ausgleich der System-Belastung) verwendet.\"><span id=\"result_box\" class=\"\" lang=\"en\" tabindex=\"-1\"><span title=\"Unser Internetauftritt ist nicht an soziale Netzwerke angebunden. \">Our website is not connected to social networks.<\/span><\/span><\/span><\/p>\n<h6><span title=\"Sitzungscookies werden zum Load-Balancing (Ausgleich der System-Belastung) verwendet.\"><span id=\"result_box\" class=\"\" lang=\"en\" tabindex=\"-1\"><span title=\"Verwendung von YouTube-Plugins \">Use of YouTube plugins<\/span><\/span><\/span><\/h6>\n<p><span title=\"Sitzungscookies werden zum Load-Balancing (Ausgleich der System-Belastung) verwendet.\"><span id=\"result_box\" class=\"\" lang=\"en\" tabindex=\"-1\">Our<span title=\"Die Seiten k\u00f6nnen Videos einbinden, die u.a.\"> pages can incorporate videos,e.g.. <\/span><span title=\"von YouTube bereitgestellt werden.\">provided by YouTube. <\/span><span title=\"YouTube wird betrieben von YouTube LLC mit Hauptgesch\u00e4ftssitz in 901 Cherry Avenue, San Bruno, CA 94066, USA.\">YouTube is operated by YouTube LLC, headquartered at 901 Cherry Avenue, San Bruno, CA 94066, USA. <\/span><span title=\"YouTube wird vertreten durch Google Inc. mit Sitz in 1600 Amphitheatre Parkway, Mountain View, CA 94043, USA.\">YouTube is represented by Google Inc., located at 1600 Amphitheater Parkway, Mountain View, CA 94043, USA. <\/span><span title=\"Wenn Sie unsere mit einem YouTube Plugin versehene Internetpr\u00e4senz aufrufen wird eine Verbindung zu den Servern von YouTube hergestellt.\">When you visit our website, which has a YouTube plug-in, you will be connected to the servers of YouTube. <\/span><span title=\"Hierdurch wird an den YouTube-Server \u00fcbermittelt, welche Internetseiten Sie besucht haben.\">This will tell the YouTube server which web pages you have visited. <\/span><span title=\"Sind Sie dabei als Mitglied bei YouTube eingeloggt, ordnet YouTube diese Information Ihrem pers\u00f6nlichen Benutzerkonto zu.\">If you are logged in as a member of YouTube, YouTube assigns this information to your personal user account. <\/span><span title=\"Bei Nutzung des Plugins wie z.B.\">When using the plugin such as cl<\/span><span title=\"Anklicken des Start-Buttons eines Videos wird diese Information ebenfalls Ihrem Benutzerkonto zugeordnet. \">licking on the start button of a video also assigns this information to your user account.<\/span><\/span><\/span><\/p>\n<p><span title=\"Sie k\u00f6nnen diese Zuordnung verhindern, indem Sie sich vor der Nutzung unserer Internetseite aus ihrem YouTube-Benutzerkonto sowie anderen Benutzerkonten der Firmen YouTube LLC und Google Inc. abmelden und die entsprechenden Cookies der Firmen l\u00f6schen.\">You can prevent this association by logging out of your YouTube user account and other user accounts of the companies YouTube LLC and Google Inc. before using our website and deleting the corresponding cookies from the companies. <\/span><span title=\"Weitere Informationen zur Datenverarbeitung und Hinweise zum Datenschutz durch YouTube (Google) finden Sie unter www.google.de\/intl\/de\/policies\/privacy\/. \">For more information about data processing and privacy by YouTube (Google), please visit www.google.com\/intl\/en\/policies\/privacy\/.<\/span><\/p>\n<h6><span title=\"Sitzungscookies werden zum Load-Balancing (Ausgleich der System-Belastung) verwendet.\"><span id=\"result_box\" class=\"\" lang=\"en\" tabindex=\"-1\"><span title=\"Weitere Informationen und Kontakt \">Further information and contact<\/span><\/span><\/span><\/h6>\n<p><span title=\"Sitzungscookies werden zum Load-Balancing (Ausgleich der System-Belastung) verwendet.\"><span id=\"result_box\" class=\"\" lang=\"en\" tabindex=\"-1\"><span title=\"Wenn Sie Fragen zu diesem Internetauftritt haben, Auskunft \u00fcber Ihre Daten haben wollen oder deren L\u00f6schung veranlassen m\u00f6chten, kontaktieren Sie uns bitte \u00fcber das Kontaktformular.\">If you have any questions about this website, or if you want to know details about your data or would like to have it deleted, please contact us via the <a href=\"https:\/\/visit-wuerzburg.de\/en\/kontakt\">contact form<\/a>.\u00a0<\/span><span title=\"Ebenso sind wir Ihnen f\u00fcr allgemeine Anregungen und Hinweise auf m\u00f6gliche Urheberrechtsverletzungen dankbar.\"> We are also grateful for general suggestions and hints concerning possible copyright infringements. <\/span><span title=\"Die Kontaktdaten finden oben auf dieser Seite.\">The contact details can be found at the top of this page.<\/span><\/span><\/span><\/p>\n","protected":false},"excerpt":{"rendered":"<p>for https:\/\/visit-wuerzburg.de Responsible operator: Antje Hansen, Ph.D. Tel. +49-931-7849407 Mobile: +49-152-29212161 E-Mail: Contact form The responsible author of this website takes the obligation to privacy very seriously. This website informs about the offered tours and is designed in such a way that only&hellip;<\/p>\n","protected":false},"author":1,"featured_media":0,"parent":0,"menu_order":0,"comment_status":"closed","ping_status":"closed","template":"","meta":[],"translation":{"provider":"WPGlobus","version":"2.12.2","language":"en","enabled_languages":["de","en"],"languages":{"de":{"title":true,"content":true,"excerpt":false},"en":{"title":true,"content":true,"excerpt":false}}},"_links":{"self":[{"href":"https:\/\/visit-wuerzburg.de\/en\/wp-json\/wp\/v2\/pages\/1297"}],"collection":[{"href":"https:\/\/visit-wuerzburg.de\/en\/wp-json\/wp\/v2\/pages"}],"about":[{"href":"https:\/\/visit-wuerzburg.de\/en\/wp-json\/wp\/v2\/types\/page"}],"author":[{"embeddable":true,"href":"https:\/\/visit-wuerzburg.de\/en\/wp-json\/wp\/v2\/users\/1"}],"replies":[{"embeddable":true,"href":"https:\/\/visit-wuerzburg.de\/en\/wp-json\/wp\/v2\/comments?post=1297"}],"version-history":[{"count":15,"href":"https:\/\/visit-wuerzburg.de\/en\/wp-json\/wp\/v2\/pages\/1297\/revisions"}],"predecessor-version":[{"id":1302,"href":"https:\/\/visit-wuerzburg.de\/en\/wp-json\/wp\/v2\/pages\/1297\/revisions\/1302"}],"wp:attachment":[{"href":"https:\/\/visit-wuerzburg.de\/en\/wp-json\/wp\/v2\/media?parent=1297"}],"curies":[{"name":"wp","href":"https:\/\/api.w.org\/{rel}","templated":true}]}}