{"id":1181,"date":"2018-02-12T21:08:08","date_gmt":"2018-02-12T20:08:08","guid":{"rendered":"http:\/\/visit-wuerzburg.de\/?page_id=1181"},"modified":"2026-01-08T14:22:43","modified_gmt":"2026-01-08T13:22:43","slug":"das-museum-im-kulturspeicher","status":"publish","type":"page","link":"https:\/\/visit-wuerzburg.de\/en\/das-museum-im-kulturspeicher","title":{"rendered":"Das Museum im Kulturspeicher"},"content":{"rendered":"<div id=\"attachment_1619\" style=\"width: 278px\" class=\"wp-caption alignright\"><img aria-describedby=\"caption-attachment-1619\" decoding=\"async\" loading=\"lazy\" class=\"wp-image-1619\" src=\"https:\/\/visit-wuerzburg.de\/wp-content\/uploads\/2022\/01\/Vice-Versa-AR-4-180x300.jpg\" alt=\"\" width=\"268\" height=\"447\" srcset=\"https:\/\/visit-wuerzburg.de\/wp-content\/uploads\/2022\/01\/Vice-Versa-AR-4-180x300.jpg 180w, https:\/\/visit-wuerzburg.de\/wp-content\/uploads\/2022\/01\/Vice-Versa-AR-4-613x1024.jpg 613w, https:\/\/visit-wuerzburg.de\/wp-content\/uploads\/2022\/01\/Vice-Versa-AR-4-768x1282.jpg 768w, https:\/\/visit-wuerzburg.de\/wp-content\/uploads\/2022\/01\/Vice-Versa-AR-4-920x1536.jpg 920w, https:\/\/visit-wuerzburg.de\/wp-content\/uploads\/2022\/01\/Vice-Versa-AR-4.jpg 1064w\" sizes=\"(max-width: 268px) 100vw, 268px\" \/><p id=\"caption-attachment-1619\" class=\"wp-caption-text\">Barbara Herold &#8211; VICE VERSA<\/p><\/div>\n<p>Das Museum im Kulturspeicher beherbergt zwei Sammlungen unter einem Dach: die St\u00e4dtische Sammlung sowie die Sammlung Peter C. Ruppert &#8211; Konkrete Kunst in Europa seit 1945. Die St\u00e4dtische Sammlung umfasst Werke des 19. &#8211; 21. Jahrhunderts, u.a. den Nachlass der bekannten W\u00fcrzburger Bildhauerin Emy Roeder. Die Sammlung Konkrete Kunst vermittelt einen repr\u00e4sentativen Querschnitt des l\u00e4nder\u00fcbergreifenden Ph\u00e4nomens der Konkreten Kunst, eine Richtung, in der auf das Abbilden der sichtbaren Welt verzichtet wird. \u00dcber 300 Gem\u00e4lde, Plastiken und Objekte von K\u00fcnstlerinnen und K\u00fcnstlern aus 23 L\u00e4ndern sind vertreten. Es handelt sich um die gr\u00f6\u00dfte Sammlung Konkreter Kunst in Europa, die stetig um Werke der Gegenwartskunst erweitert wird. Sie steht unter der Schirmherrschaft des jeweiligen Generalsekret\u00e4rs des Europarates. Das Museum wurde 2005 mit dem Bayerischen Museumspreis ausgezeichnet.<br \/>\nIch biete Ihnen die F\u00fchrung &#8220;Kulturspeicher zum Kennenlernen&#8221;, aber auch F\u00fchrungen mit einem thematischen Schwerpunkt nach Wahl an.<\/p>\n<p><strong>AKTUELL + AKTUELL + AKTUELL + AKTUELL + AKTUELL +&nbsp;<\/strong><br \/>\nAb dem 28.02.2026 zeigt das Museum eine Sonderausstellung zu <strong>Thomas Bayrle<\/strong>, einem der bekanntesten Pop-Art-K\u00fcnstler in Deutschland. Auch in dieser Ausstellung biete ich F\u00fchrungen an.<\/p>\n<p>Zus\u00e4tzlich zum F\u00fchrungshonorar fallen der Museumseintritt an.<\/p>\n<p>Eintrittspreise:<\/p>\n<p>Kinder und Jugendliche bis 18 Jahre: frei<br \/>\nEintritt regul\u00e4r 5 \u20ac<br \/>\nEintritt erm\u00e4\u00dfigt* 3 \u20ac<br \/>\n*f\u00fcr Sch\u00fcler*innen, Studierende, Auszubildende, FSJler*innen, BGDler*innen, Menschen mit Behinderung, mit Vermerk B im Behindertenausweis: Begleitperson frei<br \/>\nGruppen ab 20 Personen jeweils 3 \u20ac<\/p>\n<p>\u00d6ffnungszeiten:<\/p>\n<p>Di 13 &#8211; 18 Uhr<br \/>\nMi bis So 11 &#8211; 18 Uhr<br \/>\nDritter Do im Monat 11 &#8211; 21 Uhr<br \/>\nmontags geschlossen<\/p>\n","protected":false},"excerpt":{"rendered":"<p>Das Museum im Kulturspeicher beherbergt zwei Sammlungen unter einem Dach: die St\u00e4dtische Sammlung sowie die Sammlung Peter C. Ruppert &#8211; Konkrete Kunst in Europa seit 1945. Die St\u00e4dtische Sammlung umfasst Werke des 19. &#8211; 21. Jahrhunderts, u.a. den Nachlass der bekannten W\u00fcrzburger Bildhauerin&hellip;<\/p>\n","protected":false},"author":2,"featured_media":0,"parent":0,"menu_order":0,"comment_status":"closed","ping_status":"closed","template":"","meta":[],"translation":{"provider":"WPGlobus","version":"2.12.2","language":"en","enabled_languages":["de","en"],"languages":{"de":{"title":true,"content":true,"excerpt":false},"en":{"title":false,"content":false,"excerpt":false}}},"_links":{"self":[{"href":"https:\/\/visit-wuerzburg.de\/en\/wp-json\/wp\/v2\/pages\/1181"}],"collection":[{"href":"https:\/\/visit-wuerzburg.de\/en\/wp-json\/wp\/v2\/pages"}],"about":[{"href":"https:\/\/visit-wuerzburg.de\/en\/wp-json\/wp\/v2\/types\/page"}],"author":[{"embeddable":true,"href":"https:\/\/visit-wuerzburg.de\/en\/wp-json\/wp\/v2\/users\/2"}],"replies":[{"embeddable":true,"href":"https:\/\/visit-wuerzburg.de\/en\/wp-json\/wp\/v2\/comments?post=1181"}],"version-history":[{"count":15,"href":"https:\/\/visit-wuerzburg.de\/en\/wp-json\/wp\/v2\/pages\/1181\/revisions"}],"predecessor-version":[{"id":1714,"href":"https:\/\/visit-wuerzburg.de\/en\/wp-json\/wp\/v2\/pages\/1181\/revisions\/1714"}],"wp:attachment":[{"href":"https:\/\/visit-wuerzburg.de\/en\/wp-json\/wp\/v2\/media?parent=1181"}],"curies":[{"name":"wp","href":"https:\/\/api.w.org\/{rel}","templated":true}]}}