{"id":1091,"date":"2017-01-08T10:41:45","date_gmt":"2017-01-08T09:41:45","guid":{"rendered":"http:\/\/visit-wuerzburg.de\/?page_id=1091"},"modified":"2017-01-08T10:41:45","modified_gmt":"2017-01-08T09:41:45","slug":"impressum","status":"publish","type":"page","link":"https:\/\/visit-wuerzburg.de\/en\/impressum","title":{"rendered":"Impressum"},"content":{"rendered":"<p>Verantwortlich f\u00fcr den Inhalt:<\/p>\n<p>Dr. Antje Hansen<br \/>\nSteidlestra\u00dfe 10<br \/>\n97074 W\u00fcrzburg<\/p>\n<p>E-Mail: <a href=\"http:\/\/visit-wuerzburg.de\/kontakt\">Kontaktformular<\/a><\/p>\n<p><a href=\"http:\/\/visit-wuerzburg.de\/allgemeine-geschaeftsbedingungen-agb\">Allgemeine Gesch\u00e4ftsbedingungen<\/a><\/p>\n<p>Die Anbieterin dieses Angebots ist als nach \u00a7 19 UStG als Kleinunternehmerin nicht umsatzsteuerpflichtig.<\/p>\n","protected":false},"excerpt":{"rendered":"<p>Verantwortlich f\u00fcr den Inhalt: Dr. Antje Hansen Steidlestra\u00dfe 10 97074 W\u00fcrzburg E-Mail: Kontaktformular Allgemeine Gesch\u00e4ftsbedingungen Die Anbieterin dieses Angebots ist als nach \u00a7 19 UStG als Kleinunternehmerin nicht umsatzsteuerpflichtig.<\/p>\n","protected":false},"author":1,"featured_media":0,"parent":0,"menu_order":0,"comment_status":"closed","ping_status":"closed","template":"","meta":[],"translation":{"provider":"WPGlobus","version":"2.12.2","language":"en","enabled_languages":["de","en"],"languages":{"de":{"title":true,"content":true,"excerpt":false},"en":{"title":false,"content":false,"excerpt":false}}},"_links":{"self":[{"href":"https:\/\/visit-wuerzburg.de\/en\/wp-json\/wp\/v2\/pages\/1091"}],"collection":[{"href":"https:\/\/visit-wuerzburg.de\/en\/wp-json\/wp\/v2\/pages"}],"about":[{"href":"https:\/\/visit-wuerzburg.de\/en\/wp-json\/wp\/v2\/types\/page"}],"author":[{"embeddable":true,"href":"https:\/\/visit-wuerzburg.de\/en\/wp-json\/wp\/v2\/users\/1"}],"replies":[{"embeddable":true,"href":"https:\/\/visit-wuerzburg.de\/en\/wp-json\/wp\/v2\/comments?post=1091"}],"version-history":[{"count":2,"href":"https:\/\/visit-wuerzburg.de\/en\/wp-json\/wp\/v2\/pages\/1091\/revisions"}],"predecessor-version":[{"id":1093,"href":"https:\/\/visit-wuerzburg.de\/en\/wp-json\/wp\/v2\/pages\/1091\/revisions\/1093"}],"wp:attachment":[{"href":"https:\/\/visit-wuerzburg.de\/en\/wp-json\/wp\/v2\/media?parent=1091"}],"curies":[{"name":"wp","href":"https:\/\/api.w.org\/{rel}","templated":true}]}}